{"id":19719,"date":"2017-05-19T15:05:02","date_gmt":"2017-05-19T13:05:02","guid":{"rendered":"http:\/\/www.baiazzurra.com\/trasporti\/"},"modified":"2024-03-08T15:12:27","modified_gmt":"2024-03-08T14:12:27","slug":"trasporti","status":"publish","type":"page","link":"https:\/\/www.baiazzurra.com\/fr\/trasporti\/","title":{"rendered":"Transport"},"content":{"rendered":"<div class=\"wpb-content-wrapper\"><p>[vc_row css_animation=\u00a0\u00bb\u00a0\u00bb row_type=\u00a0\u00bbrow\u00a0\u00bb use_row_as_full_screen_section=\u00a0\u00bbno\u00a0\u00bb type=\u00a0\u00bbgrid\u00a0\u00bb angled_section=\u00a0\u00bbno\u00a0\u00bb text_align=\u00a0\u00bbleft\u00a0\u00bb background_image_as_pattern=\u00a0\u00bbwithout_pattern\u00a0\u00bb][vc_column][vc_empty_space][vc_column_text]<\/p>\n<h2 id=\"tw-target-text\" class=\"tw-data-text tw-text-large tw-ta\" dir=\"ltr\" data-placeholder=\"Traduzione\" data-ved=\"2ahUKEwjUobbDmuSEAxWRhP0HHXl1DJ0Q3ewLegQIDhAU\"><span class=\"Y2IQFc\" lang=\"fr\">Transport<\/span><\/h2>\n<p>[\/vc_column_text][vc_separator type=\u00a0\u00bbnormal\u00a0\u00bb up=\u00a0\u00bb40px\u00a0\u00bb down=\u00a0\u00bb30px\u00a0\u00bb][vc_row_inner row_type=\u00a0\u00bbrow\u00a0\u00bb type=\u00a0\u00bbfull_width\u00a0\u00bb text_align=\u00a0\u00bbleft\u00a0\u00bb css_animation=\u00a0\u00bb\u00a0\u00bb][vc_column_inner width=\u00a0\u00bb1\/3&Prime;][vc_column_text]<\/p>\n<h5 id=\"tw-target-text\" class=\"tw-data-text tw-text-large tw-ta\" dir=\"ltr\" data-placeholder=\"Traduzione\" data-ved=\"2ahUKEwjUobbDmuSEAxWRhP0HHXl1DJ0Q3ewLegQIDhAU\"><span class=\"Y2IQFc\" lang=\"fr\">VOLS<\/span><\/h5>\n<p id=\"tw-target-text\" class=\"tw-data-text tw-text-large tw-ta\" dir=\"ltr\" data-placeholder=\"Traduzione\" data-ved=\"2ahUKEwjUobbDmuSEAxWRhP0HHXl1DJ0Q3ewLegQIDhAU\"><span class=\"Y2IQFc\" lang=\"fr\">De et pour <\/span>Cagliari <a href=\"http:\/\/www.sogaer.it\/it\/aeroporto.html\" target=\"_blank\" rel=\"noopener noreferrer\">Aeroporto Cagliari Elmas<\/a><\/p>\n<p id=\"tw-target-text\" class=\"tw-data-text tw-text-large tw-ta\" dir=\"ltr\" data-placeholder=\"Traduzione\" data-ved=\"2ahUKEwjUobbDmuSEAxWRhP0HHXl1DJ0Q3ewLegQIDhAU\"><span class=\"Y2IQFc\" lang=\"fr\">De et pour <\/span>Alghero <a href=\"http:\/\/aeroportodialghero.it\/\" target=\"_blank\" rel=\"noopener noreferrer\">Aeroporto Alghero<\/a><\/p>\n<p id=\"tw-target-text\" class=\"tw-data-text tw-text-large tw-ta\" dir=\"ltr\" data-placeholder=\"Traduzione\" data-ved=\"2ahUKEwjUobbDmuSEAxWRhP0HHXl1DJ0Q3ewLegQIDhAU\"><span class=\"Y2IQFc\" lang=\"fr\">De et pour <\/span><a href=\"http:\/\/www.geasar.com\/\" target=\"_blank\" rel=\"noopener noreferrer\">Aeroporto Olbia<\/a><\/p>\n<p>[\/vc_column_text][\/vc_column_inner][vc_column_inner width=\u00a0\u00bb1\/3&Prime;][vc_column_text]<\/p>\n<h5 id=\"tw-target-text\" class=\"tw-data-text tw-text-large tw-ta\" dir=\"ltr\" data-placeholder=\"Traduzione\" data-ved=\"2ahUKEwjUobbDmuSEAxWRhP0HHXl1DJ0Q3ewLegQIDhAU\"><span class=\"Y2IQFc\" lang=\"fr\">LOCATION DE VOITURES \u00c0 L&rsquo;A\u00c9ROPORT<\/span><\/h5>\n<p><a href=\"http:\/\/www.sogaer.it\/it\/noleggio-auto.html\" target=\"_blank\" rel=\"noopener noreferrer\">Autonoleggi aeroporto Elmas<\/a><\/p>\n<p><a href=\"http:\/\/aeroportodialghero.it\/noleggio.asp\" target=\"_blank\" rel=\"noopener noreferrer\">Autonoleggi aeroporto Alghero<\/a><\/p>\n<p><a href=\"http:\/\/www.geasar.com\/ita\/aeroporto\/collegamenti-da-per-aeroporto\/autonoleggi\" target=\"_blank\" rel=\"noopener noreferrer\">Autonoleggi aeroporto Olbia<\/a>[\/vc_column_text][\/vc_column_inner][vc_column_inner width=\u00a0\u00bb1\/3&Prime;][vc_column_text]<\/p>\n<h5 id=\"tw-target-text\" class=\"tw-data-text tw-text-large tw-ta\" dir=\"ltr\" data-placeholder=\"Traduzione\" data-ved=\"2ahUKEwjUobbDmuSEAxWRhP0HHXl1DJ0Q3ewLegQIDhAU\"><span class=\"Y2IQFc\" lang=\"fr\">NAVIRES<\/span><\/h5>\n<p>De et pour\u00a0 Cagliari<br \/>\nDe\u00a0 et pour Olbia<br \/>\nDe et pour Golfo Aranci (Olbia)<br \/>\nDe et pour Arbatax (NU)<br \/>\nDe et pour Porto Torres (SS)[\/vc_column_text][\/vc_column_inner][\/vc_row_inner][vc_separator type=\u00a0\u00bbtransparent\u00a0\u00bb up=\u00a0\u00bb40px\u00a0\u00bb down=\u00a0\u00bb30px\u00a0\u00bb][\/vc_column][\/vc_row][vc_row css_animation=\u00a0\u00bb\u00a0\u00bb row_type=\u00a0\u00bbrow\u00a0\u00bb use_row_as_full_screen_section=\u00a0\u00bbno\u00a0\u00bb type=\u00a0\u00bbgrid\u00a0\u00bb angled_section=\u00a0\u00bbno\u00a0\u00bb text_align=\u00a0\u00bbleft\u00a0\u00bb background_image_as_pattern=\u00a0\u00bbwithout_pattern\u00a0\u00bb][vc_column][vc_column_text]<\/p>\n<h5 id=\"tw-target-text\" class=\"tw-data-text tw-text-large tw-ta\" dir=\"ltr\" data-placeholder=\"Traduzione\" data-ved=\"2ahUKEwjUobbDmuSEAxWRhP0HHXl1DJ0Q3ewLegQIDhAU\"><span class=\"Y2IQFc\" lang=\"fr\">ITIN\u00c9RAIRES RECOMMAND\u00c9S POUR COSTA REI<\/span><\/h5>\n<p>[\/vc_column_text][vc_separator type=\u00a0\u00bbnormal\u00a0\u00bb up=\u00a0\u00bb40px\u00a0\u00bb down=\u00a0\u00bb30px\u00a0\u00bb][vc_column_text]<\/p>\n<p id=\"tw-target-text\" class=\"tw-data-text tw-text-large tw-ta\" dir=\"ltr\" data-placeholder=\"Traduzione\" data-ved=\"2ahUKEwjUobbDmuSEAxWRhP0HHXl1DJ0Q3ewLegQIDhAU\"><span class=\"Y2IQFc\" lang=\"fr\">De Porto Torres et Alghero : prendre le S.S. 131 pour Cagliari. Avant d&rsquo;arriver \u00e0 Cagliari, prendre la sortie en direction 554 -Quartu-Villasimius. <\/span><\/p>\n<p class=\"tw-data-text tw-text-large tw-ta\" dir=\"ltr\" data-placeholder=\"Traduzione\" data-ved=\"2ahUKEwjUobbDmuSEAxWRhP0HHXl1DJ0Q3ewLegQIDhAU\"><span class=\"Y2IQFc\" lang=\"fr\">Suivre les indications pour Villasimius, prendre la SP 17 jusqu&rsquo;au carrefour pour Muravera (nouvelle sortie 125) apr\u00e8s quelques kilom\u00e8tres tourner \u00e0 droite pour Muravera\/Tortol\u00ec, continuer sur la nouvelle 125 jusqu&rsquo;au carrefour pour Costa Rei. <\/span><\/p>\n<p class=\"tw-data-text tw-text-large tw-ta\" dir=\"ltr\" data-placeholder=\"Traduzione\" data-ved=\"2ahUKEwjUobbDmuSEAxWRhP0HHXl1DJ0Q3ewLegQIDhAU\"><span class=\"Y2IQFc\" lang=\"fr\">Depuis Olbia : prendre le S.S. 131 en direction de Nuoro. De Nuoro suivre le S.S. 389 en direction de Lanusei.<\/span><\/p>\n<p class=\"tw-data-text tw-text-large tw-ta\" dir=\"ltr\" data-placeholder=\"Traduzione\" data-ved=\"2ahUKEwjUobbDmuSEAxWRhP0HHXl1DJ0Q3ewLegQIDhAU\"><span class=\"Y2IQFc\" lang=\"fr\"> Continuer vers Cardedu, prendre le nouveau S.S. Prendre la route 125 en direction de Cagliari et continuer jusqu&rsquo;\u00e0 la sortie Olia Speciosa-Costa Rei. Depuis Arbatax : suivre les indications pour Tortol\u00ec. <\/span><\/p>\n<p class=\"tw-data-text tw-text-large tw-ta\" dir=\"ltr\" data-placeholder=\"Traduzione\" data-ved=\"2ahUKEwjUobbDmuSEAxWRhP0HHXl1DJ0Q3ewLegQIDhAU\"><span class=\"Y2IQFc\" lang=\"fr\">Apr\u00e8s Tortol\u00ec, tourner \u00e0 gauche sur la nouvelle 125 en direction de Cagliari\/Muravera jusqu&rsquo;au carrefour Costa Rei. <\/span><\/p>\n<p class=\"tw-data-text tw-text-large tw-ta\" dir=\"ltr\" data-placeholder=\"Traduzione\" data-ved=\"2ahUKEwjUobbDmuSEAxWRhP0HHXl1DJ0Q3ewLegQIDhAU\"><span class=\"Y2IQFc\" lang=\"fr\">De Cagliari Porto : rejoindre la plage de Poetto et suivre les indications pour Villasimius, prendre la SP17 jusqu&rsquo;au carrefour pour Muravera (nouvelle sortie 125) apr\u00e8s quelques kilom\u00e8tres tourner \u00e0 droite pour Muravera\/Tortol\u00ec, continuer sur la nouvelle 125 jusqu&rsquo;au carrefour pour Costa Rei. <\/span><\/p>\n<p class=\"tw-data-text tw-text-large tw-ta\" dir=\"ltr\" data-placeholder=\"Traduzione\" data-ved=\"2ahUKEwjUobbDmuSEAxWRhP0HHXl1DJ0Q3ewLegQIDhAU\"><span class=\"Y2IQFc\" lang=\"fr\">De l&rsquo;a\u00e9roport de Cagliari-Elmas : suivre les indications pour Cagliari, puis rejoindre la S.S. 554 direction Quartu-Villasimius. <\/span><\/p>\n<p class=\"tw-data-text tw-text-large tw-ta\" dir=\"ltr\" data-placeholder=\"Traduzione\" data-ved=\"2ahUKEwjUobbDmuSEAxWRhP0HHXl1DJ0Q3ewLegQIDhAU\"><span class=\"Y2IQFc\" lang=\"fr\">Prendre la SP 17 jusqu&rsquo;au carrefour pour Muravera (nouvelle sortie 125), apr\u00e8s quelques kilom\u00e8tres tourner \u00e0 droite pour Muravera\/Tortol\u00ec, continuer sur la nouvelle 125 jusqu&rsquo;au carrefour pour Costa Rei. <\/span><\/p>\n<p class=\"tw-data-text tw-text-large tw-ta\" dir=\"ltr\" data-placeholder=\"Traduzione\" data-ved=\"2ahUKEwjUobbDmuSEAxWRhP0HHXl1DJ0Q3ewLegQIDhAU\"><span class=\"Y2IQFc\" lang=\"fr\">Pour ceux qui voyagent en bus, voici qui contacter pour conna\u00eetre les horaires et les tarifs :\u00a0<\/span><a href=\"http:\/\/www.arst.sardegna.it\/index.html\" target=\"_blank\" rel=\"noopener noreferrer\">ARST<\/a><\/p>\n<p id=\"tw-target-text\" class=\"tw-data-text tw-text-large tw-ta\" dir=\"ltr\" data-placeholder=\"Traduzione\" data-ved=\"2ahUKEwjUobbDmuSEAxWRhP0HHXl1DJ0Q3ewLegQIDhAU\"><span class=\"Y2IQFc\" lang=\"fr\">Des services de transfert depuis tous les ports et a\u00e9roports de l&rsquo;\u00eele sont disponibles sur demande. <\/span><\/p>\n<p class=\"tw-data-text tw-text-large tw-ta\" dir=\"ltr\" data-placeholder=\"Traduzione\" data-ved=\"2ahUKEwjUobbDmuSEAxWRhP0HHXl1DJ0Q3ewLegQIDhAU\"><span class=\"Y2IQFc\" lang=\"fr\">Nous sommes toujours \u00e0 votre disposition pour de plus amples informations et suggestions afin de nous joindre le plus rapidement possible.<\/span><\/p>\n<p>[\/vc_column_text][vc_empty_space][\/vc_column][\/vc_row][vc_row css_animation=\u00a0\u00bb\u00a0\u00bb row_type=\u00a0\u00bbrow\u00a0\u00bb use_row_as_full_screen_section=\u00a0\u00bbno\u00a0\u00bb type=\u00a0\u00bbfull_width\u00a0\u00bb angled_section=\u00a0\u00bbno\u00a0\u00bb text_align=\u00a0\u00bbleft\u00a0\u00bb background_image_as_pattern=\u00a0\u00bbwithout_pattern\u00a0\u00bb background_color=\u00a0\u00bb#354256&Prime;][vc_column][vc_row_inner row_type=\u00a0\u00bbrow\u00a0\u00bb type=\u00a0\u00bbgrid\u00a0\u00bb text_align=\u00a0\u00bbleft\u00a0\u00bb css_animation=\u00a0\u00bb\u00a0\u00bb][vc_column_inner width=\u00a0\u00bb3\/12&Prime;][vc_single_image image=\u00a0\u00bb15451&Prime; img_size=\u00a0\u00bbfull\u00a0\u00bb qode_css_animation=\u00a0\u00bb\u00a0\u00bb][\/vc_column_inner][vc_column_inner width=\u00a0\u00bb5\/12&Prime;][vc_separator type=\u00a0\u00bbtransparent\u00a0\u00bb up=\u00a0\u00bb38&Prime; down=\u00a0\u00bb0&Prime;][\/vc_column_inner][vc_column_inner width=\u00a0\u00bb4\/12&Prime;][vc_separator type=\u00a0\u00bbtransparent\u00a0\u00bb up=\u00a0\u00bb25&Prime; down=\u00a0\u00bb0&Prime;]<span class='q_social_icon_holder square_social' data-color=#a0a4ac data-hover-background-color=#bb2222 data-hover-color=#ffffff><a itemprop='url' href='https:\/\/www.facebook.com\/baiazzurra.costarei' target='_blank'><span class='fa-stack ' style='background-color: #455163;border-width: 0px;margin: 0 4px 0 0;font-size: 25px;'><i class=\"qode_icon_font_awesome fa fa-facebook \" style=\"color: #a0a4ac;font-size: 22px;\" ><\/i><\/span><\/a><\/span>[\/vc_column_inner][\/vc_row_inner][\/vc_column][\/vc_row]<\/p>\n<\/div>","protected":false},"excerpt":{"rendered":"<p>[vc_row css_animation=\u00a0\u00bb\u00a0\u00bb row_type=\u00a0\u00bbrow\u00a0\u00bb use_row_as_full_screen_section=\u00a0\u00bbno\u00a0\u00bb type=\u00a0\u00bbgrid\u00a0\u00bb angled_section=\u00a0\u00bbno\u00a0\u00bb text_align=\u00a0\u00bbleft\u00a0\u00bb background_image_as_pattern=\u00a0\u00bbwithout_pattern\u00a0\u00bb][vc_column][vc_empty_space][vc_column_text] Transport [\/vc_column_text][vc_separator type=\u00a0\u00bbnormal\u00a0\u00bb up=\u00a0\u00bb40px\u00a0\u00bb down=\u00a0\u00bb30px\u00a0\u00bb][vc_row_inner row_type=\u00a0\u00bbrow\u00a0\u00bb type=\u00a0\u00bbfull_width\u00a0\u00bb text_align=\u00a0\u00bbleft\u00a0\u00bb css_animation=\u00a0\u00bb\u00a0\u00bb][vc_column_inner width=\u00a0\u00bb1\/3&Prime;][vc_column_text] VOLS De et pour Cagliari Aeroporto Cagliari Elmas De et pour Alghero Aeroporto Alghero De et pour Aeroporto Olbia [\/vc_column_text][\/vc_column_inner][vc_column_inner width=\u00a0\u00bb1\/3&Prime;][vc_column_text] LOCATION DE VOITURES \u00c0 L&rsquo;A\u00c9ROPORT Autonoleggi&#8230;<\/p>\n","protected":false},"author":1,"featured_media":0,"parent":0,"menu_order":0,"comment_status":"closed","ping_status":"closed","template":"full_width.php","meta":{"footnotes":""},"class_list":["post-19719","page","type-page","status-publish","hentry"],"_links":{"self":[{"href":"https:\/\/www.baiazzurra.com\/fr\/wp-json\/wp\/v2\/pages\/19719","targetHints":{"allow":["GET"]}}],"collection":[{"href":"https:\/\/www.baiazzurra.com\/fr\/wp-json\/wp\/v2\/pages"}],"about":[{"href":"https:\/\/www.baiazzurra.com\/fr\/wp-json\/wp\/v2\/types\/page"}],"author":[{"embeddable":true,"href":"https:\/\/www.baiazzurra.com\/fr\/wp-json\/wp\/v2\/users\/1"}],"replies":[{"embeddable":true,"href":"https:\/\/www.baiazzurra.com\/fr\/wp-json\/wp\/v2\/comments?post=19719"}],"version-history":[{"count":0,"href":"https:\/\/www.baiazzurra.com\/fr\/wp-json\/wp\/v2\/pages\/19719\/revisions"}],"wp:attachment":[{"href":"https:\/\/www.baiazzurra.com\/fr\/wp-json\/wp\/v2\/media?parent=19719"}],"curies":[{"name":"wp","href":"https:\/\/api.w.org\/{rel}","templated":true}]}}