{"id":22232,"date":"2019-03-01T12:25:26","date_gmt":"2019-03-01T11:25:26","guid":{"rendered":"http:\/\/www.baiazzurra.com\/territorio\/"},"modified":"2024-03-18T10:13:26","modified_gmt":"2024-03-18T09:13:26","slug":"territorium","status":"publish","type":"page","link":"https:\/\/www.baiazzurra.com\/de\/territorium\/","title":{"rendered":"Das Territorium"},"content":{"rendered":"<div class=\"wpb-content-wrapper\"><p>[vc_row css_animation=&#8220;&#8220; row_type=&#8220;row&#8220; use_row_as_full_screen_section=&#8220;no&#8220; type=&#8220;grid&#8220; angled_section=&#8220;no&#8220; text_align=&#8220;left&#8220; background_image_as_pattern=&#8220;without_pattern&#8220;][vc_column][vc_empty_space][vc_column_text]<\/p>\n<h2>Costa Rei\u00a0&#8211;\u00a0Das Territorium<\/h2>\n<p>[\/vc_column_text][vc_separator type=&#8220;normal&#8220; up=&#8220;40px&#8220; down=&#8220;30px&#8220;][vc_column_text]<\/p>\n<p id=\"tw-target-text\" class=\"tw-data-text tw-text-large tw-ta\" dir=\"ltr\" data-placeholder=\"Traduzione\" data-ved=\"2ahUKEwjUobbDmuSEAxWRhP0HHXl1DJ0Q3ewLegQIDhAU\"><span class=\"Y2IQFc\" lang=\"de\">Die Sch\u00f6nheit seiner Str\u00e4nde und seines Meeres ist die Hauptattraktion dieser Gegend. <\/span><\/p>\n<p class=\"tw-data-text tw-text-large tw-ta\" dir=\"ltr\" data-placeholder=\"Traduzione\" data-ved=\"2ahUKEwjUobbDmuSEAxWRhP0HHXl1DJ0Q3ewLegQIDhAU\"><span class=\"Y2IQFc\" lang=\"de\">Aber auch das Hinterland bietet viele Attraktionen. <\/span><\/p>\n<p class=\"tw-data-text tw-text-large tw-ta\" dir=\"ltr\" data-placeholder=\"Traduzione\" data-ved=\"2ahUKEwjUobbDmuSEAxWRhP0HHXl1DJ0Q3ewLegQIDhAU\"><span class=\"Y2IQFc\" lang=\"de\">Wenn wir uns ein paar Kilometer landeinw\u00e4rts bewegen, k\u00f6nnen wir W\u00e4lder, arch\u00e4ologische St\u00e4tten, Museen und wundersch\u00f6ne Landschaften entdecken und besuchen. <\/span><\/p>\n<p class=\"tw-data-text tw-text-large tw-ta\" dir=\"ltr\" data-placeholder=\"Traduzione\" data-ved=\"2ahUKEwjUobbDmuSEAxWRhP0HHXl1DJ0Q3ewLegQIDhAU\"><span class=\"Y2IQFc\" lang=\"de\">F\u00fcr Kajakliebhaber sollten Ausfl\u00fcge zu B\u00e4chen, Fl\u00fcssen, S\u00fcmpfen und Teichen nicht fehlen. <\/span><\/p>\n<p class=\"tw-data-text tw-text-large tw-ta\" dir=\"ltr\" data-placeholder=\"Traduzione\" data-ved=\"2ahUKEwjUobbDmuSEAxWRhP0HHXl1DJ0Q3ewLegQIDhAU\"><span class=\"Y2IQFc\" lang=\"de\">Es werden unvergessliche Erlebnisse sein! <\/span><\/p>\n<p class=\"tw-data-text tw-text-large tw-ta\" dir=\"ltr\" data-placeholder=\"Traduzione\" data-ved=\"2ahUKEwjUobbDmuSEAxWRhP0HHXl1DJ0Q3ewLegQIDhAU\"><span class=\"Y2IQFc\" lang=\"de\">Der Fluss Flumendosa entspringt in Geenargentu und ist einer der gr\u00f6\u00dften Fl\u00fcsse Sardiniens. <\/span><\/p>\n<p class=\"tw-data-text tw-text-large tw-ta\" dir=\"ltr\" data-placeholder=\"Traduzione\" data-ved=\"2ahUKEwjUobbDmuSEAxWRhP0HHXl1DJ0Q3ewLegQIDhAU\"><span class=\"Y2IQFc\" lang=\"de\">Es besteht die M\u00f6glichkeit, eindrucksvolle Boots- und Kanuausfl\u00fcge zu unternehmen sowie Wakeboarden, Kajakfahren und Angeln zu \u00fcben. <\/span><\/p>\n<p class=\"tw-data-text tw-text-large tw-ta\" dir=\"ltr\" data-placeholder=\"Traduzione\" data-ved=\"2ahUKEwjUobbDmuSEAxWRhP0HHXl1DJ0Q3ewLegQIDhAU\"><span class=\"Y2IQFc\" lang=\"de\">Sein Weg wird durch zwei gro\u00dfe D\u00e4mme unterbrochen: Der erste ist der Hauptdamm von Bau Muggerris, aus dem der See Alto Flumendosa entsteht, w\u00e4hrend der zweite, bei Nuraghe Arrubiu, den sch\u00f6nen und gro\u00dfen See Medio Flumendosa bildet. <\/span><\/p>\n<p class=\"tw-data-text tw-text-large tw-ta\" dir=\"ltr\" data-placeholder=\"Traduzione\" data-ved=\"2ahUKEwjUobbDmuSEAxWRhP0HHXl1DJ0Q3ewLegQIDhAU\"><span class=\"Y2IQFc\" lang=\"de\">Der See stellt eine Sport- und Touristenattraktion von bezaubernder Sch\u00f6nheit dar, auch dank der eindrucksvollen Bootsausfl\u00fcge.<\/span><\/p>\n<p>[\/vc_column_text][vc_column_text]<\/p>\n<p id=\"tw-target-text\" class=\"tw-data-text tw-text-large tw-ta\" dir=\"ltr\" data-placeholder=\"Traduzione\" data-ved=\"2ahUKEwjUobbDmuSEAxWRhP0HHXl1DJ0Q3ewLegQIDhAU\"><span class=\"Y2IQFc\" lang=\"de\">Ganz in der N\u00e4he der Costa Rei, in der Ortschaft San Priamo, bietet sich ein sehr eindrucksvoller Anblick: Hinter wundersch\u00f6nen Sandstr\u00e4nden erstrecken sich die Teiche von Colostraie und Feraxi.\u00a0 <\/span><\/p>\n<p class=\"tw-data-text tw-text-large tw-ta\" dir=\"ltr\" data-placeholder=\"Traduzione\" data-ved=\"2ahUKEwjUobbDmuSEAxWRhP0HHXl1DJ0Q3ewLegQIDhAU\"><span class=\"Y2IQFc\" lang=\"de\">Untereinander verbunden bilden sie eine Oase des Wildschutzes, in der Reiher, Enten, Stelzenl\u00e4ufer, Rohrweihen, Silberreiher, Eisv\u00f6gel, H\u00fchnerv\u00f6gel und die sehr ber\u00fchmten rosa Flamingos, die hier nisten, leben. Auf den Uferwegen, die Sie zu Fu\u00df, mit dem Fahrrad oder zu Pferd erkunden k\u00f6nnen, k\u00f6nnen Sie an Aussichtspunkten anhalten, um Fotos zu machen oder V\u00f6gel zu beobachten, insbesondere bei Sonnenuntergang, wenn die Atmosph\u00e4re wirklich magisch ist. <\/span><\/p>\n<p class=\"tw-data-text tw-text-large tw-ta\" dir=\"ltr\" data-placeholder=\"Traduzione\" data-ved=\"2ahUKEwjUobbDmuSEAxWRhP0HHXl1DJ0Q3ewLegQIDhAU\"><span class=\"Y2IQFc\" lang=\"de\">Weiter s\u00fcdlich, hinter der herrlichen K\u00fcste der Costa Rei \u2013 dem l\u00e4ngsten Sandabschnitt Ostsardiniens (etwa zehn Kilometer) \u2013 kann man in Trockenperioden den kleinen Teich Piscina Rei sogar barfu\u00df erkunden. <\/span><\/p>\n<p class=\"tw-data-text tw-text-large tw-ta\" dir=\"ltr\" data-placeholder=\"Traduzione\" data-ved=\"2ahUKEwjUobbDmuSEAxWRhP0HHXl1DJ0Q3ewLegQIDhAU\"><span class=\"Y2IQFc\" lang=\"de\"> F\u00fcr Liebhaber des langsamen Tourismus und Ausfl\u00fcge im Kontakt mit der Natur empfehlen wir unbedingt einen Besuch des Lagunensystems Colostrai und Feraxi. <\/span><\/p>\n<p class=\"tw-data-text tw-text-large tw-ta\" dir=\"ltr\" data-placeholder=\"Traduzione\" data-ved=\"2ahUKEwjUobbDmuSEAxWRhP0HHXl1DJ0Q3ewLegQIDhAU\"><span class=\"Y2IQFc\" lang=\"de\">Die Oase kann komplett zu Fu\u00df entlang des Ufers, aber auch mit dem Fahrrad oder zu Pferd erkundet werden. <\/span><\/p>\n<p class=\"tw-data-text tw-text-large tw-ta\" dir=\"ltr\" data-placeholder=\"Traduzione\" data-ved=\"2ahUKEwjUobbDmuSEAxWRhP0HHXl1DJ0Q3ewLegQIDhAU\"><span class=\"Y2IQFc\" lang=\"de\"> Wie kommt man: Zu den Teichen gelangt man \u00fcber die sardische Ostpanoramastra\u00dfe 125 nach Muravera; Sobald Sie Capo Picci erreicht haben, fahren Sie weiter in Richtung Torre di Salinas und erreichen die Teiche.<\/span><\/p>\n<p>[\/vc_column_text][vc_gallery type=&#8220;image_grid&#8220; images=&#8220;22144,22148,22152,22156,22164,22168,22172,22176&#8243; img_size=&#8220;400&#215;400&#8243; column_number=&#8220;4&#8243; grayscale=&#8220;no&#8220; images_space=&#8220;gallery_with_space&#8220;][vc_empty_space][vc_separator type=&#8220;normal&#8220; up=&#8220;40px&#8220; down=&#8220;30px&#8220;][vc_empty_space][vc_column_text]<\/p>\n<p id=\"tw-target-text\" class=\"tw-data-text tw-text-large tw-ta\" dir=\"ltr\" data-placeholder=\"Traduzione\" data-ved=\"2ahUKEwjUobbDmuSEAxWRhP0HHXl1DJ0Q3ewLegQIDhAU\"><span class=\"Y2IQFc\" lang=\"de\">Wie andere Gebiete Sardiniens ist auch dieser Ort reich an wichtigen historischen Funden. <\/span><\/p>\n<p class=\"tw-data-text tw-text-large tw-ta\" dir=\"ltr\" data-placeholder=\"Traduzione\" data-ved=\"2ahUKEwjUobbDmuSEAxWRhP0HHXl1DJ0Q3ewLegQIDhAU\"><span class=\"Y2IQFc\" lang=\"de\">Sie k\u00f6nnen damit beginnen, die 22 Menhire von Piscina Rei aus dem Jahr 5.000 v. Chr. zu besichtigen. um dann mit dem Auto oder dem Mountainbike in Richtung der Nuraghe Sa Domu &#8218;e S&#8217;Orcu weiterzufahren.<\/span><\/p>\n<p class=\"tw-data-text tw-text-large tw-ta\" dir=\"ltr\" data-placeholder=\"Traduzione\" data-ved=\"2ahUKEwjUobbDmuSEAxWRhP0HHXl1DJ0Q3ewLegQIDhAU\"><span class=\"Y2IQFc\" lang=\"de\"> Dieser Ort gilt als eines der wichtigsten Nuraghensysteme im S\u00fcdosten Sardiniens und liegt in der N\u00e4he des Strandes Costa Rei im Gebiet von Castiadas. <\/span><\/p>\n<p class=\"tw-data-text tw-text-large tw-ta\" dir=\"ltr\" data-placeholder=\"Traduzione\" data-ved=\"2ahUKEwjUobbDmuSEAxWRhP0HHXl1DJ0Q3ewLegQIDhAU\"><span class=\"Y2IQFc\" lang=\"de\">In Costa Rei gibt es auch eine arch\u00e4ologische St\u00e4tte von besonderer Bedeutung: Es handelt sich um Nuraghe Is Scalas, die auf einem H\u00fcgel \u00fcber Muravera liegt und von dem aus man einen atemberaubenden Blick auf das Meer genie\u00dfen kann. <\/span><\/p>\n<p class=\"tw-data-text tw-text-large tw-ta\" dir=\"ltr\" data-placeholder=\"Traduzione\" data-ved=\"2ahUKEwjUobbDmuSEAxWRhP0HHXl1DJ0Q3ewLegQIDhAU\"><span class=\"Y2IQFc\" lang=\"de\">Umgeben von seinen Menhiren und vielen Steinen unterschiedlicher Gr\u00f6\u00dfe und stilisierter Form ist die Nuraghe ein wichtiges Zeugnis der Geschichte dieses Gebiets. <\/span><\/p>\n<p class=\"tw-data-text tw-text-large tw-ta\" dir=\"ltr\" data-placeholder=\"Traduzione\" data-ved=\"2ahUKEwjUobbDmuSEAxWRhP0HHXl1DJ0Q3ewLegQIDhAU\"><span class=\"Y2IQFc\" lang=\"de\">Interessant ist auch der Besuch der ehemaligen Strafkolonie Castiadas, nur wenige Kilometer von Costa Rei entfernt. <\/span><\/p>\n<p class=\"tw-data-text tw-text-large tw-ta\" dir=\"ltr\" data-placeholder=\"Traduzione\" data-ved=\"2ahUKEwjUobbDmuSEAxWRhP0HHXl1DJ0Q3ewLegQIDhAU\"><span class=\"Y2IQFc\" lang=\"de\">Mitte des 19. Jahrhunderts wurde eine landwirtschaftliche Strafkolonie gegr\u00fcndet, deren Ziel es war, die Strafen der von ihnen begangenen Verbrechen abzusitzen und ein seit Jahren verlassenes, ungesundes und sumpfiges Gebiet zur\u00fcckzuerobern. <\/span><\/p>\n<p class=\"tw-data-text tw-text-large tw-ta\" dir=\"ltr\" data-placeholder=\"Traduzione\" data-ved=\"2ahUKEwjUobbDmuSEAxWRhP0HHXl1DJ0Q3ewLegQIDhAU\"><span class=\"Y2IQFc\" lang=\"de\">Im Jahr 1875 landeten die ersten inhaftierten Gefangenen am Strand von Cala Sinzias, um in den dichten Busch einzudringen. <\/span><\/p>\n<p class=\"tw-data-text tw-text-large tw-ta\" dir=\"ltr\" data-placeholder=\"Traduzione\" data-ved=\"2ahUKEwjUobbDmuSEAxWRhP0HHXl1DJ0Q3ewLegQIDhAU\"><span class=\"Y2IQFc\" lang=\"de\">Nach Abschluss der Rekultivierung wurde die \u00dcberstellung der Gefangenen in andere Kolonien veranlasst.<\/span><\/p>\n<p class=\"tw-data-text tw-text-large tw-ta\" dir=\"ltr\" data-placeholder=\"Traduzione\" data-ved=\"2ahUKEwjUobbDmuSEAxWRhP0HHXl1DJ0Q3ewLegQIDhAU\"><span class=\"Y2IQFc\" lang=\"de\"> Die Strafkolonie h\u00f6rte erst 1952 auf zu existieren. <\/span><\/p>\n<p class=\"tw-data-text tw-text-large tw-ta\" dir=\"ltr\" data-placeholder=\"Traduzione\" data-ved=\"2ahUKEwjUobbDmuSEAxWRhP0HHXl1DJ0Q3ewLegQIDhAU\"><span class=\"Y2IQFc\" lang=\"de\">K\u00fcrzlich hat die Gemeinde einen Teil der Struktur wiederhergestellt und ein Freilichttheater gebaut.<\/span><\/p>\n<p>[\/vc_column_text][vc_separator type=&#8220;normal&#8220; up=&#8220;40px&#8220; down=&#8220;30px&#8220;][vc_gallery type=&#8220;image_grid&#8220; images=&#8220;22184,22188,22192,22196,22200,22204,22208,22212&#8243; img_size=&#8220;400&#215;400&#8243; column_number=&#8220;4&#8243; grayscale=&#8220;no&#8220; images_space=&#8220;gallery_with_space&#8220;][vc_empty_space][vc_column_text]<\/p>\n<p id=\"tw-target-text\" class=\"tw-data-text tw-text-large tw-ta\" dir=\"ltr\" data-placeholder=\"Traduzione\" data-ved=\"2ahUKEwjUobbDmuSEAxWRhP0HHXl1DJ0Q3ewLegQIDhAU\"><span class=\"Y2IQFc\" lang=\"de\">Naturliebhaber sollten sich den abenteuerlichen Ausflug zur Entdeckung der sardischen W\u00e4lder nicht entgehen lassen. <\/span><\/p>\n<p class=\"tw-data-text tw-text-large tw-ta\" dir=\"ltr\" data-placeholder=\"Traduzione\" data-ved=\"2ahUKEwjUobbDmuSEAxWRhP0HHXl1DJ0Q3ewLegQIDhAU\"><span class=\"Y2IQFc\" lang=\"de\">Bei Ausfl\u00fcgen k\u00f6nnen Sie die Wunder der Sette Fratelli-Berge entdecken. <\/span><\/p>\n<p class=\"tw-data-text tw-text-large tw-ta\" dir=\"ltr\" data-placeholder=\"Traduzione\" data-ved=\"2ahUKEwjUobbDmuSEAxWRhP0HHXl1DJ0Q3ewLegQIDhAU\"><span class=\"Y2IQFc\" lang=\"de\">Der Ausflug kann zu Fu\u00df oder im Gel\u00e4nde erfolgen; In beiden F\u00e4llen k\u00f6nnen Sie die f\u00fcr das Mittelmeergebiet typischen wilden Landschaften bewundern. <\/span><\/p>\n<p class=\"tw-data-text tw-text-large tw-ta\" dir=\"ltr\" data-placeholder=\"Traduzione\" data-ved=\"2ahUKEwjUobbDmuSEAxWRhP0HHXl1DJ0Q3ewLegQIDhAU\"><span class=\"Y2IQFc\" lang=\"de\">Sie werden in eine magische und unvergessliche Atmosph\u00e4re katapultiert, die mit einem sch\u00f6nen Mittagessen in einem der vielen Bauernh\u00e4user endet, die typische lokale Produkte anbieten.<\/span><\/p>\n<p>[\/vc_column_text][vc_empty_space][vc_gallery type=&#8220;image_grid&#8220; images=&#8220;22196,22200,22204,22208,22212,22216,22220,22224&#8243; img_size=&#8220;400&#215;400&#8243; column_number=&#8220;4&#8243; grayscale=&#8220;no&#8220; images_space=&#8220;gallery_with_space&#8220;][vc_separator type=&#8220;normal&#8220; up=&#8220;40px&#8220; down=&#8220;30px&#8220;][vc_empty_space][vc_column_text]<\/p>\n<p id=\"tw-target-text\" class=\"tw-data-text tw-text-large tw-ta\" dir=\"ltr\" data-placeholder=\"Traduzione\" data-ved=\"2ahUKEwjUobbDmuSEAxWRhP0HHXl1DJ0Q3ewLegQIDhAU\"><span class=\"Y2IQFc\" lang=\"de\">Das Ereignis des Jahres in Muravera ist das Zitrusfruchtfest, an dem viele Volksgruppen teilnehmen, die abwechselnd durch die Stra\u00dfen des Dorfes ziehen, darunter die von Muravera und Sarrabus und dann die \u201eMamutzones\u201c von Samugheo, \u201eSu Sennoreddu und sos de s \u201eIscurzoni\u201c von Teti, \u201eUrthos e Buttudos\u201c von Fonni, \u201eMerdules e Boes\u201c von Ottana, \u201eBois Fui Janna Morti\u201c von Escalaplano, \u201eMamuthones e Hissoadores\u201c von Mamoiada (Atzeni-Becoi-Gruppe). <\/span><\/p>\n<p class=\"tw-data-text tw-text-large tw-ta\" dir=\"ltr\" data-placeholder=\"Traduzione\" data-ved=\"2ahUKEwjUobbDmuSEAxWRhP0HHXl1DJ0Q3ewLegQIDhAU\"><span class=\"Y2IQFc\" lang=\"de\">Die Mamuthones sind zusammen mit den Issohadores typische Karnevalsmasken. Beim Vorr\u00fccken schlagen sie alle gemeinsam auf die Schulter, wobei sie ihren K\u00f6rper einmal nach rechts und einmal nach links drehen; Diese zweistufige Bewegung wird synchron ausgef\u00fchrt und erzeugt einen einzigen, sehr lauten Kuhglockenklang. <\/span><\/p>\n<p class=\"tw-data-text tw-text-large tw-ta\" dir=\"ltr\" data-placeholder=\"Traduzione\" data-ved=\"2ahUKEwjUobbDmuSEAxWRhP0HHXl1DJ0Q3ewLegQIDhAU\"><span class=\"Y2IQFc\" lang=\"de\">Die Issohadores bewegen sich mit beweglicheren, leichteren Schritten, und wenn sie wollen, werfen sie die Soha (die Schlinge) und ziehen die Person, die sie in der Menge ausgew\u00e4hlt haben, vorsichtig zu sich heran, aber sie w\u00e4hlen insbesondere junge Frauen aus, um ein gutes Omen f\u00fcr gute Gesundheit zu machen und Fruchtbarkeit. <\/span><\/p>\n<p class=\"tw-data-text tw-text-large tw-ta\" dir=\"ltr\" data-placeholder=\"Traduzione\" data-ved=\"2ahUKEwjUobbDmuSEAxWRhP0HHXl1DJ0Q3ewLegQIDhAU\"><span class=\"Y2IQFc\" lang=\"de\">Die Kunst des Issohadore liegt gerade darin, mit diesem originellen, sehr leichten, verletzungsfreien Seil aus geflochtenem Binsen Menschen auch auf weite Distanzen (12-13 Meter) einzufangen. <\/span><\/p>\n<p class=\"tw-data-text tw-text-large tw-ta\" dir=\"ltr\" data-placeholder=\"Traduzione\" data-ved=\"2ahUKEwjUobbDmuSEAxWRhP0HHXl1DJ0Q3ewLegQIDhAU\"><span class=\"Y2IQFc\" lang=\"de\">Es ist eine eindrucksvolle und wundervolle Show, die wir hoffentlich miterleben k\u00f6nnen!<\/span><\/p>\n<p>[\/vc_column_text][vc_empty_space][\/vc_column][\/vc_row][vc_row css_animation=&#8220;&#8220; row_type=&#8220;row&#8220; use_row_as_full_screen_section=&#8220;no&#8220; type=&#8220;full_width&#8220; angled_section=&#8220;no&#8220; text_align=&#8220;left&#8220; background_image_as_pattern=&#8220;without_pattern&#8220; background_color=&#8220;#354256&#8243;][vc_column][vc_row_inner row_type=&#8220;row&#8220; type=&#8220;grid&#8220; text_align=&#8220;left&#8220; css_animation=&#8220;&#8220;][vc_column_inner width=&#8220;3\/12&#8243;][vc_single_image image=&#8220;15451&#8243; img_size=&#8220;full&#8220; qode_css_animation=&#8220;&#8220;][\/vc_column_inner][vc_column_inner width=&#8220;5\/12&#8243;][vc_separator type=&#8220;transparent&#8220; up=&#8220;38&#8243; down=&#8220;0&#8243;][\/vc_column_inner][vc_column_inner width=&#8220;4\/12&#8243;][vc_separator type=&#8220;transparent&#8220; up=&#8220;25&#8243; down=&#8220;0&#8243;]<span class='q_social_icon_holder square_social' data-color=#a0a4ac data-hover-background-color=#bb2222 data-hover-color=#ffffff><a itemprop='url' href='https:\/\/www.facebook.com\/baiazzurraCostaRey\/' target='_blank'><span class='fa-stack ' style='background-color: #455163;border-width: 0px;margin: 0 4px 0 0;font-size: 25px;'><i class=\"qode_icon_font_awesome fa fa-facebook \" style=\"color: #a0a4ac;font-size: 22px;\" ><\/i><\/span><\/a><\/span><span class='q_social_icon_holder square_social' data-color=#a0a4ac data-hover-background-color=#bb2222 data-hover-color=#ffffff><a itemprop='url' href='https:\/\/www.instagram.com\/baiazzurracostarei\/' target='_blank'><span class='fa-stack ' style='background-color: #455163;border-width: 0px;margin: 0 4px 0 0;font-size: 25px;'><i class=\"qode_icon_font_awesome fa fa-instagram \" style=\"color: #a0a4ac;font-size: 22px;\" ><\/i><\/span><\/a><\/span>[\/vc_column_inner][\/vc_row_inner][\/vc_column][\/vc_row]<\/p>\n<\/div>","protected":false},"excerpt":{"rendered":"<p>[vc_row css_animation=&#8220;&#8220; row_type=&#8220;row&#8220; use_row_as_full_screen_section=&#8220;no&#8220; type=&#8220;grid&#8220; angled_section=&#8220;no&#8220; text_align=&#8220;left&#8220; background_image_as_pattern=&#8220;without_pattern&#8220;][vc_column][vc_empty_space][vc_column_text] Costa Rei\u00a0&#8211;\u00a0Das Territorium [\/vc_column_text][vc_separator type=&#8220;normal&#8220; up=&#8220;40px&#8220; down=&#8220;30px&#8220;][vc_column_text] Die Sch\u00f6nheit seiner Str\u00e4nde und seines Meeres ist die Hauptattraktion dieser Gegend. Aber auch das Hinterland bietet viele Attraktionen. Wenn wir uns ein paar Kilometer landeinw\u00e4rts bewegen, k\u00f6nnen wir W\u00e4lder,&#8230;<\/p>\n","protected":false},"author":1,"featured_media":0,"parent":0,"menu_order":0,"comment_status":"closed","ping_status":"closed","template":"full_width.php","meta":{"footnotes":""},"class_list":["post-22232","page","type-page","status-publish","hentry"],"_links":{"self":[{"href":"https:\/\/www.baiazzurra.com\/de\/wp-json\/wp\/v2\/pages\/22232","targetHints":{"allow":["GET"]}}],"collection":[{"href":"https:\/\/www.baiazzurra.com\/de\/wp-json\/wp\/v2\/pages"}],"about":[{"href":"https:\/\/www.baiazzurra.com\/de\/wp-json\/wp\/v2\/types\/page"}],"author":[{"embeddable":true,"href":"https:\/\/www.baiazzurra.com\/de\/wp-json\/wp\/v2\/users\/1"}],"replies":[{"embeddable":true,"href":"https:\/\/www.baiazzurra.com\/de\/wp-json\/wp\/v2\/comments?post=22232"}],"version-history":[{"count":0,"href":"https:\/\/www.baiazzurra.com\/de\/wp-json\/wp\/v2\/pages\/22232\/revisions"}],"wp:attachment":[{"href":"https:\/\/www.baiazzurra.com\/de\/wp-json\/wp\/v2\/media?parent=22232"}],"curies":[{"name":"wp","href":"https:\/\/api.w.org\/{rel}","templated":true}]}}