{"id":19720,"date":"2017-05-19T15:05:02","date_gmt":"2017-05-19T13:05:02","guid":{"rendered":"http:\/\/www.baiazzurra.com\/trasporti\/"},"modified":"2024-03-08T16:29:37","modified_gmt":"2024-03-08T15:29:37","slug":"trasporti","status":"publish","type":"page","link":"https:\/\/www.baiazzurra.com\/de\/trasporti\/","title":{"rendered":"Transport"},"content":{"rendered":"<div class=\"wpb-content-wrapper\"><p>[vc_row css_animation=&#8220;&#8220; row_type=&#8220;row&#8220; use_row_as_full_screen_section=&#8220;no&#8220; type=&#8220;grid&#8220; angled_section=&#8220;no&#8220; text_align=&#8220;left&#8220; background_image_as_pattern=&#8220;without_pattern&#8220;][vc_column][vc_empty_space][vc_column_text]<\/p>\n<h2 id=\"tw-target-text\" class=\"tw-data-text tw-text-large tw-ta\" dir=\"ltr\" data-placeholder=\"Traduzione\" data-ved=\"2ahUKEwjUobbDmuSEAxWRhP0HHXl1DJ0Q3ewLegQIDhAU\"><span class=\"Y2IQFc\" lang=\"de\">Transport<\/span><\/h2>\n<p>[\/vc_column_text][vc_separator type=&#8220;normal&#8220; up=&#8220;40px&#8220; down=&#8220;30px&#8220;][vc_row_inner row_type=&#8220;row&#8220; type=&#8220;full_width&#8220; text_align=&#8220;left&#8220; css_animation=&#8220;&#8220;][vc_column_inner width=&#8220;1\/3&#8243;][vc_column_text]<\/p>\n<h5 id=\"tw-target-text\" class=\"tw-data-text tw-text-large tw-ta\" dir=\"ltr\" data-placeholder=\"Traduzione\" data-ved=\"2ahUKEwjUobbDmuSEAxWRhP0HHXl1DJ0Q3ewLegQIDhAU\"><span class=\"Y2IQFc\" lang=\"de\">FL\u00dcGE<\/span><\/h5>\n<p id=\"tw-target-text\" class=\"tw-data-text tw-text-large tw-ta\" dir=\"ltr\" data-placeholder=\"Traduzione\" data-ved=\"2ahUKEwjUobbDmuSEAxWRhP0HHXl1DJ0Q3ewLegQIDhAU\"><span class=\"Y2IQFc\" lang=\"de\">Von und f\u00fcr <\/span>Cagliari <a href=\"http:\/\/www.sogaer.it\/it\/aeroporto.html\" target=\"_blank\" rel=\"noopener noreferrer\">Aeroporto Cagliari Elmas<\/a><\/p>\n<p id=\"tw-target-text\" class=\"tw-data-text tw-text-large tw-ta\" dir=\"ltr\" data-placeholder=\"Traduzione\" data-ved=\"2ahUKEwjUobbDmuSEAxWRhP0HHXl1DJ0Q3ewLegQIDhAU\"><span class=\"Y2IQFc\" lang=\"de\">Von und f\u00fcr <\/span>Alghero <a href=\"http:\/\/aeroportodialghero.it\/\" target=\"_blank\" rel=\"noopener noreferrer\">Aeroporto Alghero<\/a><\/p>\n<p id=\"tw-target-text\" class=\"tw-data-text tw-text-large tw-ta\" dir=\"ltr\" data-placeholder=\"Traduzione\" data-ved=\"2ahUKEwjUobbDmuSEAxWRhP0HHXl1DJ0Q3ewLegQIDhAU\"><span class=\"Y2IQFc\" lang=\"de\">Von und f\u00fcr <\/span>Olbia <a href=\"http:\/\/www.geasar.com\/\" target=\"_blank\" rel=\"noopener noreferrer\">Aeroporto Olbia<\/a><\/p>\n<p>[\/vc_column_text][\/vc_column_inner][vc_column_inner width=&#8220;1\/3&#8243;][vc_column_text]<\/p>\n<h5 id=\"tw-target-text\" class=\"tw-data-text tw-text-large tw-ta\" dir=\"ltr\" data-placeholder=\"Traduzione\" data-ved=\"2ahUKEwjUobbDmuSEAxWRhP0HHXl1DJ0Q3ewLegQIDhAU\"><span class=\"Y2IQFc\" lang=\"de\">AUTOVERMIETUNG AM FLUGHAFEN<\/span><\/h5>\n<p><a href=\"http:\/\/www.sogaer.it\/it\/noleggio-auto.html\" target=\"_blank\" rel=\"noopener noreferrer\">Autonoleggi aeroporto Elmas<\/a><\/p>\n<p><a href=\"http:\/\/aeroportodialghero.it\/noleggio.asp\" target=\"_blank\" rel=\"noopener noreferrer\">Autonoleggi aeroporto Alghero<\/a><\/p>\n<p><a href=\"http:\/\/www.geasar.com\/ita\/aeroporto\/collegamenti-da-per-aeroporto\/autonoleggi\" target=\"_blank\" rel=\"noopener noreferrer\">Autonoleggi aeroporto Olbia<\/a>[\/vc_column_text][\/vc_column_inner][vc_column_inner width=&#8220;1\/3&#8243;][vc_column_text]<\/p>\n<h5 id=\"tw-target-text\" class=\"tw-data-text tw-text-large tw-ta\" dir=\"ltr\" data-placeholder=\"Traduzione\" data-ved=\"2ahUKEwjUobbDmuSEAxWRhP0HHXl1DJ0Q3ewLegQIDhAU\"><span class=\"Y2IQFc\" lang=\"de\">SCHIFFE<\/span><\/h5>\n<p id=\"tw-target-text\" class=\"tw-data-text tw-text-large tw-ta\" dir=\"ltr\" data-placeholder=\"Traduzione\" data-ved=\"2ahUKEwjUobbDmuSEAxWRhP0HHXl1DJ0Q3ewLegQIDhAU\"><span class=\"Y2IQFc\" lang=\"de\">Von und f\u00fcr <\/span>Cagliari<\/p>\n<p id=\"tw-target-text\" class=\"tw-data-text tw-text-large tw-ta\" dir=\"ltr\" data-placeholder=\"Traduzione\" data-ved=\"2ahUKEwjUobbDmuSEAxWRhP0HHXl1DJ0Q3ewLegQIDhAU\"><span class=\"Y2IQFc\" lang=\"de\">Von und f\u00fcr <\/span>Olbia<\/p>\n<p id=\"tw-target-text\" class=\"tw-data-text tw-text-large tw-ta\" dir=\"ltr\" data-placeholder=\"Traduzione\" data-ved=\"2ahUKEwjUobbDmuSEAxWRhP0HHXl1DJ0Q3ewLegQIDhAU\"><span class=\"Y2IQFc\" lang=\"de\">Von und f\u00fcr <\/span>Golfo Aranci (Olbia)<\/p>\n<p id=\"tw-target-text\" class=\"tw-data-text tw-text-large tw-ta\" dir=\"ltr\" data-placeholder=\"Traduzione\" data-ved=\"2ahUKEwjUobbDmuSEAxWRhP0HHXl1DJ0Q3ewLegQIDhAU\"><span class=\"Y2IQFc\" lang=\"de\">Von und f\u00fcr <\/span>Arbatax (NU)<\/p>\n<p id=\"tw-target-text\" class=\"tw-data-text tw-text-large tw-ta\" dir=\"ltr\" data-placeholder=\"Traduzione\" data-ved=\"2ahUKEwjUobbDmuSEAxWRhP0HHXl1DJ0Q3ewLegQIDhAU\"><span class=\"Y2IQFc\" lang=\"de\">Von und f\u00fcr <\/span>Porto Torres (SS)<\/p>\n<p>[\/vc_column_text][\/vc_column_inner][\/vc_row_inner][vc_separator type=&#8220;transparent&#8220; up=&#8220;40px&#8220; down=&#8220;30px&#8220;][\/vc_column][\/vc_row][vc_row css_animation=&#8220;&#8220; row_type=&#8220;row&#8220; use_row_as_full_screen_section=&#8220;no&#8220; type=&#8220;grid&#8220; angled_section=&#8220;no&#8220; text_align=&#8220;left&#8220; background_image_as_pattern=&#8220;without_pattern&#8220;][vc_column][vc_column_text]<\/p>\n<h5 id=\"tw-target-text\" class=\"tw-data-text tw-text-large tw-ta\" dir=\"ltr\" data-placeholder=\"Traduzione\" data-ved=\"2ahUKEwjUobbDmuSEAxWRhP0HHXl1DJ0Q3ewLegQIDhAU\"><span class=\"Y2IQFc\" lang=\"de\">EMPFOHLENE REISEKUNDEN F\u00dcR COSTA REI<\/span><\/h5>\n<p>[\/vc_column_text][vc_separator type=&#8220;normal&#8220; up=&#8220;40px&#8220; down=&#8220;30px&#8220;][vc_column_text]<\/p>\n<p id=\"tw-target-text\" class=\"tw-data-text tw-text-large tw-ta\" dir=\"ltr\" data-placeholder=\"Traduzione\" data-ved=\"2ahUKEwjUobbDmuSEAxWRhP0HHXl1DJ0Q3ewLegQIDhAU\"><span class=\"Y2IQFc\" lang=\"de\">Von Porto Torres und Alghero: Nehmen Sie die S.S. 131 f\u00fcr Cagliari. Bevor Sie in Cagliari ankommen, nehmen Sie die Ausfahrt 554 &#8211; Quartu-Villasimius. <\/span><\/p>\n<p class=\"tw-data-text tw-text-large tw-ta\" dir=\"ltr\" data-placeholder=\"Traduzione\" data-ved=\"2ahUKEwjUobbDmuSEAxWRhP0HHXl1DJ0Q3ewLegQIDhAU\"><span class=\"Y2IQFc\" lang=\"de\">Folgen Sie der Beschilderung nach Villasimius, nehmen Sie die SP 17 bis zur Kreuzung nach Muravera (neue Kreuzung 125), biegen Sie nach einigen Kilometern rechts nach Muravera\/Tortol\u00ec ab und fahren Sie weiter auf der neuen 125 bis zur Kreuzung nach Costa Rei. Von Olbia: Nehmen Sie die S.S. 131 Richtung Nuoro. <\/span><\/p>\n<p class=\"tw-data-text tw-text-large tw-ta\" dir=\"ltr\" data-placeholder=\"Traduzione\" data-ved=\"2ahUKEwjUobbDmuSEAxWRhP0HHXl1DJ0Q3ewLegQIDhAU\"><span class=\"Y2IQFc\" lang=\"de\">Von Nuoro aus folgen Sie der S.S. 389 Richtung Lanusei. <\/span><\/p>\n<p class=\"tw-data-text tw-text-large tw-ta\" dir=\"ltr\" data-placeholder=\"Traduzione\" data-ved=\"2ahUKEwjUobbDmuSEAxWRhP0HHXl1DJ0Q3ewLegQIDhAU\"><span class=\"Y2IQFc\" lang=\"de\">Fahren Sie weiter in Richtung Cardedu und nehmen Sie die neue S.S. 125 Richtung Cagliari und weiter bis zur Ausfahrt Olia Speciosa-Costa Rei. <\/span><\/p>\n<p class=\"tw-data-text tw-text-large tw-ta\" dir=\"ltr\" data-placeholder=\"Traduzione\" data-ved=\"2ahUKEwjUobbDmuSEAxWRhP0HHXl1DJ0Q3ewLegQIDhAU\"><span class=\"Y2IQFc\" lang=\"de\">Von Arbatax: Folgen Sie der Beschilderung nach Tortol\u00ec. <\/span><\/p>\n<p class=\"tw-data-text tw-text-large tw-ta\" dir=\"ltr\" data-placeholder=\"Traduzione\" data-ved=\"2ahUKEwjUobbDmuSEAxWRhP0HHXl1DJ0Q3ewLegQIDhAU\"><span class=\"Y2IQFc\" lang=\"de\">Nach Tortol\u00ec biegen Sie links auf die neue 125 in Richtung Cagliari\/Muravera bis zur Kreuzung Costa Rei ab.<\/span><\/p>\n<p class=\"tw-data-text tw-text-large tw-ta\" dir=\"ltr\" data-placeholder=\"Traduzione\" data-ved=\"2ahUKEwjUobbDmuSEAxWRhP0HHXl1DJ0Q3ewLegQIDhAU\"><span class=\"Y2IQFc\" lang=\"de\">Von Cagliari Porto: Erreichen Sie den Poetto-Strand und folgen Sie den Stra\u00dfenschildern nach Villasimius, nehmen Sie die SP17 bis zur Kreuzung nach Muravera (neue Anschlussstelle 125), biegen Sie nach einigen Kilometern rechts nach Muravera\/Tortol\u00ec ab, fahren Sie weiter auf der neuen 125 bis zur Kreuzung nach Costa Rei. <\/span><\/p>\n<p class=\"tw-data-text tw-text-large tw-ta\" dir=\"ltr\" data-placeholder=\"Traduzione\" data-ved=\"2ahUKEwjUobbDmuSEAxWRhP0HHXl1DJ0Q3ewLegQIDhAU\"><span class=\"Y2IQFc\" lang=\"de\">Vom Flughafen Cagliari-Elmas: Folgen Sie der Beschilderung nach Cagliari und fahren Sie dann auf die S.S. 554 Richtung Quartu-Villasimius. <\/span><\/p>\n<p class=\"tw-data-text tw-text-large tw-ta\" dir=\"ltr\" data-placeholder=\"Traduzione\" data-ved=\"2ahUKEwjUobbDmuSEAxWRhP0HHXl1DJ0Q3ewLegQIDhAU\"><span class=\"Y2IQFc\" lang=\"de\">Nehmen Sie die SP 17 bis zur Kreuzung nach Muravera (neue Kreuzung 125), biegen Sie nach einigen Kilometern rechts in Richtung Muravera\/Tortol\u00ec ab und fahren Sie weiter auf der neuen 125 bis zur Kreuzung nach Costa Rei. <\/span><\/p>\n<p class=\"tw-data-text tw-text-large tw-ta\" dir=\"ltr\" data-placeholder=\"Traduzione\" data-ved=\"2ahUKEwjUobbDmuSEAxWRhP0HHXl1DJ0Q3ewLegQIDhAU\"><span class=\"Y2IQFc\" lang=\"de\">Wenn Sie mit dem Bus reisen, finden Sie hier die Kontaktadresse, um Fahrpl\u00e4ne und Tarife zu erfahren: <a href=\"https:\/\/www.arst.sardegna.it\/\">ARST <\/a>Transferdienste von allen H\u00e4fen und Flugh\u00e4fen der Insel sind auf Anfrage verf\u00fcgbar. <\/span><\/p>\n<p class=\"tw-data-text tw-text-large tw-ta\" dir=\"ltr\" data-placeholder=\"Traduzione\" data-ved=\"2ahUKEwjUobbDmuSEAxWRhP0HHXl1DJ0Q3ewLegQIDhAU\"><span class=\"Y2IQFc\" lang=\"de\">F\u00fcr weitere Informationen und Anregungen stehen wir Ihnen jederzeit gerne zur Verf\u00fcgung, um uns schnellstm\u00f6glich zu erreichen.<\/span><\/p>\n<p>[\/vc_column_text][vc_empty_space][\/vc_column][\/vc_row][vc_row css_animation=&#8220;&#8220; row_type=&#8220;row&#8220; use_row_as_full_screen_section=&#8220;no&#8220; type=&#8220;full_width&#8220; angled_section=&#8220;no&#8220; text_align=&#8220;left&#8220; background_image_as_pattern=&#8220;without_pattern&#8220; background_color=&#8220;#354256&#8243;][vc_column][vc_row_inner row_type=&#8220;row&#8220; type=&#8220;grid&#8220; text_align=&#8220;left&#8220; css_animation=&#8220;&#8220;][vc_column_inner width=&#8220;3\/12&#8243;][vc_single_image image=&#8220;15451&#8243; img_size=&#8220;full&#8220; qode_css_animation=&#8220;&#8220;][\/vc_column_inner][vc_column_inner width=&#8220;5\/12&#8243;][vc_separator type=&#8220;transparent&#8220; up=&#8220;38&#8243; down=&#8220;0&#8243;][\/vc_column_inner][vc_column_inner width=&#8220;4\/12&#8243;][vc_separator type=&#8220;transparent&#8220; up=&#8220;25&#8243; down=&#8220;0&#8243;]<span class='q_social_icon_holder square_social' data-color=#a0a4ac data-hover-background-color=#bb2222 data-hover-color=#ffffff><a itemprop='url' href='https:\/\/www.facebook.com\/baiazzurra.costarei' target='_blank'><span class='fa-stack ' style='background-color: #455163;border-width: 0px;margin: 0 4px 0 0;font-size: 25px;'><i class=\"qode_icon_font_awesome fa fa-facebook \" style=\"color: #a0a4ac;font-size: 22px;\" ><\/i><\/span><\/a><\/span>[\/vc_column_inner][\/vc_row_inner][\/vc_column][\/vc_row]<\/p>\n<\/div>","protected":false},"excerpt":{"rendered":"<p>[vc_row css_animation=&#8220;&#8220; row_type=&#8220;row&#8220; use_row_as_full_screen_section=&#8220;no&#8220; type=&#8220;grid&#8220; angled_section=&#8220;no&#8220; text_align=&#8220;left&#8220; background_image_as_pattern=&#8220;without_pattern&#8220;][vc_column][vc_empty_space][vc_column_text] Transport [\/vc_column_text][vc_separator type=&#8220;normal&#8220; up=&#8220;40px&#8220; down=&#8220;30px&#8220;][vc_row_inner row_type=&#8220;row&#8220; type=&#8220;full_width&#8220; text_align=&#8220;left&#8220; css_animation=&#8220;&#8220;][vc_column_inner width=&#8220;1\/3&#8243;][vc_column_text] FL\u00dcGE Von und f\u00fcr Cagliari Aeroporto Cagliari Elmas Von und f\u00fcr Alghero Aeroporto Alghero Von und f\u00fcr Olbia Aeroporto Olbia [\/vc_column_text][\/vc_column_inner][vc_column_inner width=&#8220;1\/3&#8243;][vc_column_text] AUTOVERMIETUNG AM FLUGHAFEN Autonoleggi aeroporto&#8230;<\/p>\n","protected":false},"author":1,"featured_media":0,"parent":0,"menu_order":0,"comment_status":"closed","ping_status":"closed","template":"full_width.php","meta":{"footnotes":""},"class_list":["post-19720","page","type-page","status-publish","hentry"],"_links":{"self":[{"href":"https:\/\/www.baiazzurra.com\/de\/wp-json\/wp\/v2\/pages\/19720","targetHints":{"allow":["GET"]}}],"collection":[{"href":"https:\/\/www.baiazzurra.com\/de\/wp-json\/wp\/v2\/pages"}],"about":[{"href":"https:\/\/www.baiazzurra.com\/de\/wp-json\/wp\/v2\/types\/page"}],"author":[{"embeddable":true,"href":"https:\/\/www.baiazzurra.com\/de\/wp-json\/wp\/v2\/users\/1"}],"replies":[{"embeddable":true,"href":"https:\/\/www.baiazzurra.com\/de\/wp-json\/wp\/v2\/comments?post=19720"}],"version-history":[{"count":0,"href":"https:\/\/www.baiazzurra.com\/de\/wp-json\/wp\/v2\/pages\/19720\/revisions"}],"wp:attachment":[{"href":"https:\/\/www.baiazzurra.com\/de\/wp-json\/wp\/v2\/media?parent=19720"}],"curies":[{"name":"wp","href":"https:\/\/api.w.org\/{rel}","templated":true}]}}