{"id":19653,"date":"2017-05-19T15:57:48","date_gmt":"2017-05-19T13:57:48","guid":{"rendered":"http:\/\/www.baiazzurra.com\/come-arrivare\/"},"modified":"2024-03-18T10:04:59","modified_gmt":"2024-03-18T09:04:59","slug":"come-arrivare","status":"publish","type":"page","link":"https:\/\/www.baiazzurra.com\/de\/come-arrivare\/","title":{"rendered":"Wie kommt man an die Costa Rei"},"content":{"rendered":"<div class=\"wpb-content-wrapper\"><p>[vc_row css_animation=&#8220;&#8220; row_type=&#8220;row&#8220; use_row_as_full_screen_section=&#8220;no&#8220; type=&#8220;grid&#8220; angled_section=&#8220;no&#8220; text_align=&#8220;left&#8220; background_image_as_pattern=&#8220;without_pattern&#8220;][vc_column][vc_empty_space][vc_column_text]<\/p>\n<h2>Wie kommt man an die Costa Rei<\/h2>\n<p>[\/vc_column_text][vc_separator type=&#8220;normal&#8220; up=&#8220;30px&#8220; down=&#8220;40px&#8220;][vc_column_text]<\/p>\n<p>&nbsp;<\/p>\n<p><strong>COSTA REI<\/strong>\u00a0befindet sich an der s\u00fcd\u00f6stlichen K\u00fcste Sardiniens, er ist von den wichtigsten H\u00e4fen und Flugh\u00e4fen mit dem Auto einfach zu erreichen:<\/p>\n<p>&nbsp;<\/p>\n<ul>\n<li><em><span style=\"color: #0000ff;\">Von Cagliari aus<\/span><\/em><\/li>\n<\/ul>\n<p>fahren Sie die K\u00fcstestrasse entlang, dann k\u00f6nnen Sie die SS125 entlang fahren, und dann auf die &#8222;Nuova 125&#8220; richtung Muravera\/Tortol\u00ec wechseln. \u00a0Ausfahrt Costa Rei. Es sind ca. 70 km und man ben\u00f6tigt ca. 1 Std.<\/p>\n<ul>\n<li><em><span style=\"color: #0000ff;\">Von Porto Torres und Alghero aus<\/span><\/em><\/li>\n<\/ul>\n<p>f\u00e4hrt man die SS131 entlang, diese f\u00fchrt direkt nach Cagliari. Von Cagliari aus folgen Sie der Wegbeschreibung oben.<\/p>\n<ul>\n<li><em><span style=\"color: #0000ff;\">Von Olbia aus<\/span><\/em><\/li>\n<\/ul>\n<p>f\u00e4hrt man die SS131DCN in Richtung Nuoro. Von Nuoro aus folgen sie die SS 389 richtung Lanusei. \u00a0Dann fahren sie richtung Cardedu und auf die &#8222;Nuova SS125&#8220; richtung Cagliari wechseln.\u00a0Ausfahrt Olia Speciosa.<\/p>\n<ul>\n<li><em><span style=\"color: #0000ff;\">Von Arbatax aus<\/span><\/em><\/li>\n<\/ul>\n<p>f\u00e4hrt man auf die SS 125 in Richtung Tortol\u00ec \u2013 Bari Sardo- Cagliari. Nach Muravera f\u00e4hrt man noch 25 km. Es sind insgesamt ca. 90 km und man ben\u00f6tigt ca. 1,30 Std.<\/p>\n<p>&nbsp;<\/p>\n<p>Taxi-service verf\u00fcgbar auf Anfrage.[\/vc_column_text][vc_empty_space][\/vc_column][\/vc_row][vc_row css_animation=&#8220;&#8220; row_type=&#8220;row&#8220; use_row_as_full_screen_section=&#8220;no&#8220; type=&#8220;full_width&#8220; angled_section=&#8220;no&#8220; text_align=&#8220;left&#8220; background_image_as_pattern=&#8220;without_pattern&#8220; background_color=&#8220;#354256&#8243;][vc_column][vc_row_inner row_type=&#8220;row&#8220; type=&#8220;grid&#8220; text_align=&#8220;left&#8220; css_animation=&#8220;&#8220;][vc_column_inner width=&#8220;3\/12&#8243;][vc_single_image image=&#8220;15451&#8243; img_size=&#8220;full&#8220; qode_css_animation=&#8220;&#8220;][\/vc_column_inner][vc_column_inner width=&#8220;5\/12&#8243;][vc_separator type=&#8220;transparent&#8220; up=&#8220;38&#8243; down=&#8220;0&#8243;][\/vc_column_inner][vc_column_inner width=&#8220;4\/12&#8243;][vc_separator type=&#8220;transparent&#8220; up=&#8220;25&#8243; down=&#8220;0&#8243;]<span class='q_social_icon_holder square_social' data-color=#a0a4ac data-hover-background-color=#bb2222 data-hover-color=#ffffff><a itemprop='url' href='https:\/\/www.facebook.com\/baiazzurraCostaRey\/' target='_blank'><span class='fa-stack ' style='background-color: #455163;border-width: 0px;margin: 0 4px 0 0;font-size: 25px;'><i class=\"qode_icon_font_awesome fa fa-facebook \" style=\"color: #a0a4ac;font-size: 22px;\" ><\/i><\/span><\/a><\/span><span class='q_social_icon_holder square_social' data-color=#a0a4ac data-hover-background-color=#bb2222 data-hover-color=#ffffff><a itemprop='url' href='https:\/\/www.instagram.com\/baiazzurracostarei\/' target='_blank'><span class='fa-stack ' style='background-color: #455163;border-width: 0px;margin: 0 4px 0 0;font-size: 25px;'><i class=\"qode_icon_font_awesome fa fa-instagram \" style=\"color: #a0a4ac;font-size: 22px;\" ><\/i><\/span><\/a><\/span>[\/vc_column_inner][\/vc_row_inner][\/vc_column][\/vc_row]<\/p>\n<\/div>","protected":false},"excerpt":{"rendered":"<p>[vc_row css_animation=&#8220;&#8220; row_type=&#8220;row&#8220; use_row_as_full_screen_section=&#8220;no&#8220; type=&#8220;grid&#8220; angled_section=&#8220;no&#8220; text_align=&#8220;left&#8220; background_image_as_pattern=&#8220;without_pattern&#8220;][vc_column][vc_empty_space][vc_column_text] Wie kommt man an die Costa Rei [\/vc_column_text][vc_separator type=&#8220;normal&#8220; up=&#8220;30px&#8220; down=&#8220;40px&#8220;][vc_column_text] &nbsp; COSTA REI\u00a0befindet sich an der s\u00fcd\u00f6stlichen K\u00fcste Sardiniens, er ist von den wichtigsten H\u00e4fen und Flugh\u00e4fen mit dem Auto einfach zu erreichen: &nbsp; Von Cagliari&#8230;<\/p>\n","protected":false},"author":1,"featured_media":0,"parent":0,"menu_order":0,"comment_status":"closed","ping_status":"closed","template":"full_width.php","meta":{"footnotes":""},"class_list":["post-19653","page","type-page","status-publish","hentry"],"_links":{"self":[{"href":"https:\/\/www.baiazzurra.com\/de\/wp-json\/wp\/v2\/pages\/19653","targetHints":{"allow":["GET"]}}],"collection":[{"href":"https:\/\/www.baiazzurra.com\/de\/wp-json\/wp\/v2\/pages"}],"about":[{"href":"https:\/\/www.baiazzurra.com\/de\/wp-json\/wp\/v2\/types\/page"}],"author":[{"embeddable":true,"href":"https:\/\/www.baiazzurra.com\/de\/wp-json\/wp\/v2\/users\/1"}],"replies":[{"embeddable":true,"href":"https:\/\/www.baiazzurra.com\/de\/wp-json\/wp\/v2\/comments?post=19653"}],"version-history":[{"count":0,"href":"https:\/\/www.baiazzurra.com\/de\/wp-json\/wp\/v2\/pages\/19653\/revisions"}],"wp:attachment":[{"href":"https:\/\/www.baiazzurra.com\/de\/wp-json\/wp\/v2\/media?parent=19653"}],"curies":[{"name":"wp","href":"https:\/\/api.w.org\/{rel}","templated":true}]}}